{"id":4006,"date":"2026-01-13T06:25:47","date_gmt":"2026-01-13T06:25:47","guid":{"rendered":"https:\/\/www.allwillstand.org\/index.php\/traducciones\/"},"modified":"2026-01-13T06:25:47","modified_gmt":"2026-01-13T06:25:47","slug":"traducciones","status":"publish","type":"page","link":"https:\/\/www.allwillstand.org\/es\/index.php\/traducciones\/","title":{"rendered":"Traducciones"},"content":{"rendered":"<h3 style=\"text-align: justify;\">All Will Stand LLC se ha esforzado por hacer que ciertos escritos est\u00e9n disponibles en otros idiomas, seg\u00fan lo que el Se\u00f1or indique y la financiaci\u00f3n est\u00e9 disponible para hacerlo. Si bien una parte del material est\u00e1 disponible de inmediato y ha estado en espa\u00f1ol, al hacer clic en el enlace &#8216;espa\u00f1ol&#8217; en la esquina superior derecha de la p\u00e1gina, el resto se est\u00e1 haciendo utilizando el software de inteligencia artificial (IA) m\u00e1s reciente. <\/h3>\n<h3 style=\"text-align: justify;\"><\/h3>\n<p>&nbsp;<\/p>\n<h3 style=\"text-align: justify;\">Una nube de traducci\u00f3n privada de pago premium que utiliza la IA para crear una conversaci\u00f3n humana muy cercana a la perfecci\u00f3n en varios idiomas, muchos de ellos muy complejos y que requerir\u00edan un traductor humano cualificado para una traducci\u00f3n precisa. Dicho esto, comprenda que el material traducido aqu\u00ed es tan bueno como el software que est\u00e1 utilizando. <\/h3>\n<h3 style=\"text-align: justify;\"><\/h3>\n<p>&nbsp;<\/p>\n<h3 style=\"text-align: justify;\">Si bien este software es de vanguardia, quiz\u00e1s solo con uno igual o ligeramente mejor que \u00e9l, supera con creces el software de traducci\u00f3n gratuito disponible y est\u00e1 mejorando en calidad a un ritmo muy r\u00e1pido. Sin embargo, debe esperarse que algunos significados del material que se traduce del sitio web de All Will Stand podr\u00edan no tener tanto sentido en una traducci\u00f3n a un idioma extranjero, o la traducci\u00f3n podr\u00eda no ser perfecta. <\/h3>\n<h3 style=\"text-align: justify;\"><\/h3>\n<p>&nbsp;<\/p>\n<h3 style=\"text-align: justify;\">Se entiende que la calidad general de la traducci\u00f3n utilizando este software entre bastidores deber\u00eda estar en el percentil superior de los 90. <strong>Sin embargo, esto tambi\u00e9n se est\u00e1 utilizando para traducir vers\u00edculos b\u00edblicos, de los cuales la recomendaci\u00f3n a CADA persona que lea cualquier material del sitio web de All Will Stand es utilizar una Biblia de confianza en su idioma nativo para leer vers\u00edculos o porciones de las Sagradas Escrituras (Biblia), no los vers\u00edculos traducidos que estar\u00e1n dentro del material, mientras lee el contenido traducido. <\/strong><\/h3>\n<h3 style=\"text-align: justify;\"><strong> <\/strong><\/h3>\n<h3 style=\"text-align: justify;\">Si usted es un hablante nativo y ve la necesidad de una mejora, env\u00ede la traducci\u00f3n mejorada en formato .pdf y cambie el color del texto de cualquier cambio que haya realizado. All Will Stand puede modificar el material traducido a m\u00e1quina. <\/h3>\n<h3 style=\"text-align: justify;\"><\/h3>\n<p>&nbsp;<\/p>\n<h3 style=\"text-align: justify;\">Si tiene alguna pregunta, p\u00f3ngase en contacto conmigo.<\/h3>\n<h3 style=\"text-align: justify;\"><\/h3>\n<h3 style=\"text-align: justify;\">TM<\/h3>\n","protected":false},"excerpt":{"rendered":"<p>All Will Stand LLC se ha esforzado por hacer que ciertos escritos est\u00e9n disponibles en otros idiomas, seg\u00fan lo que el Se\u00f1or indique y la financiaci\u00f3n est\u00e9 disponible para hacerlo. Si bien una parte del material est\u00e1 disponible de inmediato y ha estado en espa\u00f1ol, al hacer clic en el enlace &#8216;espa\u00f1ol&#8217; en la esquina [&hellip;]<\/p>\n","protected":false},"author":1,"featured_media":0,"parent":0,"menu_order":0,"comment_status":"closed","ping_status":"closed","template":"","meta":{"_et_pb_use_builder":"","_et_pb_old_content":"","_et_gb_content_width":"","footnotes":"","_links_to":"","_links_to_target":""},"class_list":["post-4006","page","type-page","status-publish","hentry"],"_links":{"self":[{"href":"https:\/\/www.allwillstand.org\/es\/index.php\/wp-json\/wp\/v2\/pages\/4006","targetHints":{"allow":["GET"]}}],"collection":[{"href":"https:\/\/www.allwillstand.org\/es\/index.php\/wp-json\/wp\/v2\/pages"}],"about":[{"href":"https:\/\/www.allwillstand.org\/es\/index.php\/wp-json\/wp\/v2\/types\/page"}],"author":[{"embeddable":true,"href":"https:\/\/www.allwillstand.org\/es\/index.php\/wp-json\/wp\/v2\/users\/1"}],"replies":[{"embeddable":true,"href":"https:\/\/www.allwillstand.org\/es\/index.php\/wp-json\/wp\/v2\/comments?post=4006"}],"version-history":[{"count":0,"href":"https:\/\/www.allwillstand.org\/es\/index.php\/wp-json\/wp\/v2\/pages\/4006\/revisions"}],"wp:attachment":[{"href":"https:\/\/www.allwillstand.org\/es\/index.php\/wp-json\/wp\/v2\/media?parent=4006"}],"curies":[{"name":"wp","href":"https:\/\/api.w.org\/{rel}","templated":true}]}}